{"id":35125,"date":"2023-01-19T11:38:20","date_gmt":"2023-01-19T11:38:20","guid":{"rendered":"https:\/\/carlindepaolo.com\/?page_id=35125"},"modified":"2023-01-19T11:38:20","modified_gmt":"2023-01-19T11:38:20","slug":"condizioni-di-vendita","status":"publish","type":"page","link":"https:\/\/carlindepaolo.com\/en\/condizioni-di-vendita\/","title":{"rendered":"Condizioni di vendita"},"content":{"rendered":"<p>[vc_row][vc_column][vc_column_text]<strong>Condizioni di vendita<\/strong><\/p>\n<p><strong>Termini e condizioni sito e-commerce www.carlindepaolo.com<\/strong><\/p>\n<p>Il negozio on-line,\u00a0<u>www.carlindepaolo.com<\/u>\u00a0\u00e8 di propriet\u00e0 esclusiva della societ\u00e0\u00a0CarlindePaolo snc\u00a0P.iva. 01237870058 con sede legale in Frazione Gorzano, 238\/A \u2013 14015\u00a0 San Damiano d\u2019Asti (AT) Tel. 0141.983833. Le presenti condizioni generali di vendita (in seguito, \u201cCondizioni Generali\u201d) hanno per oggetto la disciplina dell\u2019acquisto dei prodotti e dei servizi, effettuato a distanza e resi disponibili, tramite rete internet, dal sito\u00a0<u>www.carlindepaolo.com<\/u>\u00a0(nel seguito, il \u201cSito\u201d) nel rispetto della normativa italiana di cui al d.lgs 206\/2005 e successive modifiche e integrazioni (in seguito, \u201cCodice del Consumo\u201d).<\/p>\n<p><strong>Titolare del sito di e-commerce\u00a0<u>www.carlindepaolo.com<\/u>\u00a0e dei relativi Servizi:<\/strong><\/p>\n<p><strong>CarlindePaolo snc<br \/>\n<\/strong>Frazione Gorzano, 238\/A<br \/>\n14015\u00a0 San Damiano d\u2019Asti (AT)<br \/>\nP.IVA 01237870058<br \/>\nE-mail PEC: carlindepaolo@pec.it<\/p>\n<p><strong>Contenuti forniti dall\u2019Utente<\/strong><\/p>\n<p>Gli Utenti sono responsabili per i contenuti propri e di terzi che inseriscono sul sito\u00a0<u>www.carlindepaolo.com<\/u>. L\u2019Utente manleva il Titolare da ogni responsabilit\u00e0 in relazione alla diffusione illecita di contenuti di terzi o all\u2019utilizzo del sito e-commerce, con modalit\u00e0 contrarie alla legge. Il Titolare non svolge alcun tipo di moderazione dei contenuti pubblicati dall\u2019Utente o da terzi, ma si impegna ad intervenire a fronte di segnalazioni degli Utenti o di ordini impartiti da pubbliche autorit\u00e0 in relazione a contenuti ritenuti offensivi o illeciti.<\/p>\n<p><strong>Diritti sui contenuti forniti dagli Utenti<\/strong><\/p>\n<p>Gli unici diritti concessi al Titolare in relazione ai contenuti forniti dagli Utenti sono quelli necessari al funzionamento e al mantenimento del sito e-commerce.<\/p>\n<p><strong>Contenuti forniti da terzi<\/strong><\/p>\n<p>Il Titolare non effettua alcuna moderazione preventiva sui contenuti o i link forniti da terzi mostrati su\u00a0<u>www.carlindepaolo.com<\/u>. Il Titolare non \u00e8 responsabile di tali contenuti e della loro accessibilit\u00e0.<\/p>\n<p><strong>Registrazione<\/strong><\/p>\n<p>Per poter utilizzare il servizio o parte di esso, il Cliente sar\u00e0 identificato attraverso i dati dallo stesso inseriti nella Proposta d\u2019Ordine. E\u2019 vietato fornire dati falsi e\/o inventati:\u00a0CarlindePaolo\u00a0\u00e8 esonerato da ogni responsabilit\u00e0 al riguardo. L\u2019Utente inoltre \u00e8 obbligato a visionare l\u2019informativa privacy e ad accettare le presenti condizioni generali. L\u2019Utente ha l\u2019onere di custodire le proprie credenziali di accesso.<\/p>\n<p><strong>Acquisto<\/strong><\/p>\n<p><strong>Procedura di acquisto<\/strong><\/p>\n<p><strong>LA VENDITA DI PRODOTTI ALCOLICI E\u2019 VIETATA AI MINORENNI<\/strong>. Le offerte di Prodotti presenti sul Sito si rivolgono a Clienti maggiorenni. Realizzando un ordine attraverso il Sito, ci garantisce di essere maggiorenne secondo la legislazione applicabile al Cliente e di possedere la capacit\u00e0 legale di stipulare contratti vincolanti. Attraverso l\u2019uso del sito\u00a0<u>www.carlindepaolo.com<\/u>, l\u2019utente garantisce di essere di et\u00e0 superiore ad anni 18 e che anche la persona che ricever\u00e0 la spedizione sar\u00e0 di et\u00e0 superiore ad anni 18. Ciascun ordine inviato effettuato dall\u2019Utente costituisce un\u2019offerta per l\u2019acquisto dei prodotti.\u00a0 Il Cliente pu\u00f2 acquistare solo i prodotti presenti nel catalogo elettronico del Sito al momento della conferma dell\u2019ordine, cos\u00ec come descritti nelle relative schede informative. Resta inteso che le immagini presenti nelle schede informative, riproducono quanto pi\u00f9 fedelmente possibile i prodotti indicati, tuttavia l\u2019immagine potrebbe differire per annata, dimensioni o eventuali altri dettagli e pertanto dovranno essere intese come indicative e l\u2019Utente prende atto ed accetta che tali eventuali minori differenze non costituiscono difetto di conformit\u00e0 dei prodotti. Per completare la procedura di acquisto online, l\u2019Utente deve selezionare i prodotti inserirli nel carrello e in un passaggio successivo completare il check-out. L\u2019ordine \u00e8 effettuato mediante la conferma dello stesso, dopo aver consentito all\u2019utente di verificare i dettagli e il contenuto ed \u00e8 subordinato al pagamento del prezzo, delle imposte e delle spese di spedizione e di pagamento indicate nel modulo di Riepilogo dell\u2019Ordine.\u00a0<u>La Ricevuta di elaborazione d\u2019Ordine non costituisce accettazione dell\u2019ordine.\u00a0<\/u>La conclusione del contratto avviene al momento dell\u2019invio della Conferma d\u2019Ordine da parte del Titolare all\u2019indirizzo email fornito dall\u2019Utente. Nell\u2019eventuale indisponibilit\u00e0 di uno o pi\u00f9 dei prodotti acquistati\u00a0CarlindePaolo snc provveder\u00e0 al rimborso del prezzo dei prodotti e, ove tutti i prodotti acquistati non fossero disponibili, delle spese di spedizione gi\u00e0 addebitate al cliente. Gli Utenti sono tenuti a registrarsi su\u00a0CarlindePaolo snc fornendo i propri dati personali e l\u2019indirizzo di spedizione. I prezzi sono indicati in Euro e sono comprensivi di IVA.\u00a0CarlindePaolo snc\u00a0pu\u00f2 prevedere offerte differenti nel corso dell\u2019anno. L\u2019importo dei\u00a0<u>costi di spedizione<\/u>\u00a0(ove dovuti), sar\u00e0 visibile nel riepilogo dell\u2019Ordine durante la procedura di checkout e verr\u00e0 riportato nella Conferma d\u2019Ordine inviata al Cliente a seguito dell\u2019accettazione dell\u2019Ordine. Le eventuali modifiche sopraggiunte ai Prezzi dei Prodotti avranno efficacia a partire dalla data della pubblicazione dei nuovi Prezzi sul Sito, senza effetto retroattivo sugli Ordini gi\u00e0 accettati con invio di Conferma d\u2019Ordine. Tranne in caso di errore ai sensi dell\u2019art. 1431 c.c.,\u00a0CarlindePaolo snc\u00a0si riserva il diritto di non accettare un Ordine a causa dell\u2019erroneit\u00e0 del Prezzo pubblicato sul Sito oppure indicato nell\u2019email inviata per confermare l\u2019avvenuta ricezione dell\u2019Ordine, cio\u00e8 prima dell\u2019accettazione del medesimo da parte del Venditore.<\/p>\n<p><strong>Modalit\u00e0 di pagamento<\/strong><\/p>\n<p>Le modalit\u00e0 di pagamento a disposizione degli Utenti sono descritte nelle relative pagine del sito. Le informazioni di pagamento non saranno mai utilizzate da\u00a0CarlindePaolo snc\u00a0se non per completare le procedure inerenti al Suo acquisto.\u00a0CarlindePaolo snc\u00a0utilizza strumenti terzi per la procedura dei pagamenti e non entra in alcun modo in contatto con dati di pagamento \u2013 come quelli relativi alla carta di credito \u2013 forniti dal Cliente.<\/p>\n<p><strong>Fatture<\/strong><\/p>\n<p>Per ogni ordine effettuato, qualora gli Utenti ne abbiano fatto espressa richiesta, nel modulo di invio dell\u2019ordine e abbiano fornito i dati necessari (Partita IVA o CF validi) all\u2019atto della registrazione del proprio Account, il Titolare emette fattura del materiale spedito, inviandola per posta elettronica all\u2019Utente intestatario dell\u2019ordine. Per i dettagli riportati all\u2019atto dell\u2019emissione della fattura, fanno fede le informazioni fornite dall\u2019Utente al momento dell\u2019elaborazione dell\u2019ordine. Nessuna variazione della fattura sar\u00e0 infatti possibile in un momento successivo dopo l\u2019emissione della stessa.<\/p>\n<p><strong>Disponibilit\u00e0 dei prodotti<\/strong><\/p>\n<p>I prezzi, le descrizioni e la disponibilit\u00e0 dei prodotti esposti sono soggetti a modifica senza preavviso. Le foto inserite sono meramente indicative dell\u2019aspetto e delle dimensioni dei prodotti, potendo gli stessi differire parzialmente dalle immagini presentate. Anche successivamente all\u2019invio dell\u2019email di Conferma dell\u2019Ordine, nel caso di sopravvenuta indisponibilit\u00e0 di alcuni prodotti dovuta al mancato rifornimento da parte dei produttori e\/o fornitori del Titolare ovvero ad altre cause non prevedibili al momento della conclusione dell\u2019ordine, il Titolare provveder\u00e0 a rimborsare l\u2019Utente del prezzo dei prodotti ordinati e non disponibili.<\/p>\n<p><strong>Esecuzione dell\u2019Ordine<\/strong><\/p>\n<p>L\u2019Ordine viene eseguito nei termini precisati nella pagina di riepilogo e nella email di Conferma d\u2019Ordine, con riserva della disponibilit\u00e0 del prodotto ordinato. Il Titolare non potr\u00e0 ritenersi responsabile per danni subiti dall\u2019Utente a causa di ritardi nella consegna che non siano dipendenti da circostanze prevedibili dalle parti al momento dell\u2019invio della Conferma d\u2019Ordine.<\/p>\n<p><strong>Consegna<\/strong><\/p>\n<p>Le consegne avvengono normalmente in 72 ore in Italia, salvo diversa tempistica specificata nella conferma d\u2019ordine. In alcuni periodi critici per i corrieri, come Natale e altre festivit\u00e0, si possono concretizzare dei ritardi nella consegna. Le tariffe delle spedizioni sono riportate in dettaglio durante la compilazione dell\u2019ordine. Per limitazioni legislative,\u00a0<u>i distillati non possono essere spediti al di fuori dall\u2019Italia<\/u>. Al momento della consegna della merce da parte del corriere, l\u2019Utente \u00e8 tenuto a controllare che il numero dei colli effettivamente recapitati corrisponda a quello indicato nel documento di trasporto e che l\u2019imballo dei colli risulti integro in ogni sua parte, non danneggiato, n\u00e9 compromesso da eventi atmosferici o comunque alterato. Alla consegna, l\u2019Utente \u00e8 altres\u00ec tenuto a verificare l\u2019imballo specificando nel modulo di consegna eventuali anomalie. Qualora l\u2019Utente riscontri eventuali danni evidenti all\u2019imballo e\/o ai prodotti in esso contenuti o la mancata corrispondenza del numero dei colli, deve immediatamente contestarli, apponendo riserva di controllo scritta (specificando il motivo della riserva, es. \u201cimballo bucato\u201d, \u201cimballo schiacciato\u201d, ecc.) sulla prova di consegna del corriere od informare prontamente il Titolare. Una volta firmata la bolla di consegna, il Cliente non potr\u00e0 opporre alcuna contestazione circa le caratteristiche esteriori di quanto consegnato. Eventuali problemi inerenti l\u2019integrit\u00e0 fisica, la corrispondenza o la completezza dei prodotti ricevuti devono essere segnalati utilizzando le modalit\u00e0 di contatto fornite dal Titolare. La consegna s\u2019intende eseguita quando la merce ordinata entra in possesso del Cliente o della persona che questi ha delegato al ritiro. Nel caso detti termini non possano essere rispettati (es.: prodotti non presenti in magazzino),\u00a0CarlindePaolo snc\u00a0s\u2019impegna ad avvisare il Cliente attraverso la modalit\u00e0 che consenta la maggiore tempestivit\u00e0 per avvertirlo e segnalare quando le merci potranno essere consegnate.<\/p>\n<p><strong>Diritto di recesso<\/strong><\/p>\n<p>L\u2019utente che ha acquistato prodotti tramite il sito\u00a0<u>www.carlindepaolo.com<\/u>\u00a0ha il diritto di recedere dal contratto concluso con\u00a0CarlindePaolo snc, senza alcuna penalit\u00e0 e senza specificarne il motivo, entro 14 giorni lavorativi dalla data di ricevimento della merce, ove non diversamente specificato. Il recesso dovr\u00e0 essere esercitato a mezzo lettera raccomandata con avviso di ricevimento inviata al seguente indirizzo:<\/p>\n<p><strong>CarlindePaolo snc<br \/>\n<\/strong>Frazione Gorzano, 238\/A<br \/>\n14015\u00a0 San Damiano d\u2019Asti (AT)<\/p>\n<p>La richiesta pu\u00f2 essere anticipata via posta elettronica all\u2019indirizzo\u00a0<u>info@carlindepaolo.com<\/u>, nella quale dovr\u00e0 indicare: la data di acquisto ed il numero dell\u2019ordine.\u00a0CarlindePaolo snc\u00a0effettuer\u00e0 il rimborso usando lo stesso metodo di pagamento della transazione iniziale, a meno che il Cliente non abbia espressamente convenuto diversamente, non dovr\u00e0 sostenere alcun costo quale conseguenza di tale rimborso. Il rimborso corrisponder\u00e0 al totale dell\u2019ordine (articolo\/i + spese di spedizione se l\u2019ordine \u00e8 composto da un solo articolo o se tutti gli articoli dell\u2019ordine vengono restituiti).\u00a0CarlindePaolo snc\u00a0si riserva a propria discrezione il diritto di trattenere dal rimborso l\u2019importo per eventuali prodotti usati, rovinati o incompleti. Spese di ritorno relative all\u2019applicazione del diritto di recesso In caso di recesso, le spese di spedizione sono a carico del Consumatore.<\/p>\n<p><strong>Anomalia nel Prodotto<\/strong><\/p>\n<p>In caso di ricezione di prodotti ritenuti non conformi \u00e8 necessario informare\u00a0CarlindePaolo snc\u00a0via e-mail all\u2019indirizzo\u00a0<u>info@carlindepaolo.com<\/u>\u00a0indicando il numero d\u2019ordine e il motivo della segnalazione. In caso di ricezione di prodotti danneggiati \u00e8 necessario contattare il nostro servizio clienti via mail, allegando documentazione fotografica che evidenzi il prodotto danneggiato. Il nostro servizio clienti \u00e8 a completa disposizione del cliente per risolvere il problema e per dare tutte le indicazioni necessarie per procedere alla sostituzione o all\u2019eventuale rimborso.<\/p>\n<p><strong>Effetti del recesso<\/strong><\/p>\n<p>In caso, si volesse procedere al recesso, diritto di recesso regolato dalla disciplina del D.Lgs. 206\/05 (Codice del Consumo), \u00e8 possibile farlo senza alcuna penale entro 14 giorni dal ricevimento della merce e previa comunicazione scritta mezzo lettera raccomandata con avviso di ricevimento. I prodotti devono essere restituiti intatti e nelle scatole ben richiuse. La spedizione \u00e8 a carico del consumatore che potr\u00e0 liberamente scegliere il corriere di riferimento.\u00a0CarlindePaolo snc\u00a0proceder\u00e0 al rimborso entro 30 giorni dalla ricezione e verifica di buono stato. Il termine \u00e8 rispettato se l\u2019Utente rispedisce i beni prima della scadenza del periodo di 14 giorni. I costi della restituzione dei beni saranno a carico dell\u2019Utente. L\u2019Utente \u00e8 responsabile solo della diminuzione del valore dei beni risultante da una manipolazione diversa da quella necessaria per stabilire la natura, le caratteristiche e il funzionamento dei beni.<\/p>\n<p><strong>Limitazioni al diritto di recesso sui prodotti<\/strong><\/p>\n<p>Non vengono sostituiti o rimborsati prodotti danneggiati od usati, anche solo in parte. L\u2019Utente dovr\u00e0 inserire all\u2019interno della scatola di imballaggio copia della mail di conferma dell\u2019ordine. Il diritto di recesso non si applica: ai beni confezionati su misura o chiaramente personalizzati o che, per loro natura, rischiano di deteriorarsi rapidamente, siano sigillati e non si prestino ad essere restituiti per motivi igienici ovvero siano connessi alla protezione della salute e siano stati aperti dopo la consegna. In particolare, a norma dell\u2019art. 47, comma 1, lett l) del Codice del Consumo, il diritto di recesso non si applica ai contratti di fornitura di generi alimentari, di bevande o di altri beni per uso domestico di consumo corrente forniti al domicilio dell\u2019Utente, al suo luogo di residenza o al suo luogo di lavoro, da distributori abituali.<\/p>\n<p><strong>Garanzia<\/strong><\/p>\n<p>Tutti i prodotti, diversi da quelli alimentari, venduti sul sito, sono coperti dalle garanzie di legge. La garanzia consiste nella sostituzione, a cura e spese del Venditore, dei prodotti difettosi, errati o danneggiati; ovvero, ove la sostituzione dei prodotti sia impossibile o eccessivamente onerosa per il Venditore, la garanzia consister\u00e0 in una congrua riduzione del prezzo; o, ancora, nella risoluzione del contratto, ove il grado di non conformit\u00e0 del prodotto sia tale da non rendere accettabile una mera riduzione del prezzo. Nel caso di prodotti difettosi, errati o danneggiati, il Cliente contatter\u00e0 tempestivamente, e comunque non oltre il termine indicato, il Venditore, per mezzo e-mail all\u2019indirizzo <u>info@carlindepaolo.com<\/u>, indicando la problematica sorta. Alla suddetta comunicazione scritta sar\u00e0 necessario allegare materiale fotografico attestante l\u2019originalit\u00e0 dell\u2019imballo, degli inserti in cartone, nonch\u00e9 relativo ai prodotti ricevuti. Nel caso di prodotti difettosi, oltre alla comunicazione di cui al comma secondo di questo articolo, il Cliente \u00e8 tenuto a conservare e a rispedire al Venditore le bottiglie acquistate con almeno i \u00be del contenuto con i relativi tappi originali ben sigillati. Ricevuta la merce ed accertata l\u2019anomalia, il Venditore provveder\u00e0 alla sostituzione ovvero al rimborso del prodotto reso. La garanzia \u00e8 subordinata, a pena di decadenza, alla denuncia del vizio o della mancanza di qualit\u00e0, entro 2 mesi dal momento in cui il Cliente ha ricevuto i prodotti acquistati. La garanzia perde, comunque, ogni efficacia quando sui prodotti siano state apportate modifiche da parte del Cliente<\/p>\n<p><strong>Interruzione del servizio<\/strong><\/p>\n<p>Il Titolare si riserva il diritto di aggiungere, rimuovere funzionalit\u00e0 o caratteristiche ovvero sospendere o interrompere del tutto la fornitura del Servizio, sia in via temporanea che definitiva. In caso di interruzione definitiva, il Titolare agir\u00e0 come possibile per permettere agli Utenti di prelevare le proprie informazioni ospitate presso il Titolare.<\/p>\n<p><strong>Limitazioni di responsabilit\u00e0<\/strong><\/p>\n<p>Il Titolare, nei limiti del diritto applicabile, risponde per i danni di natura contrattuale ed extracontrattuale agli Utenti o terzi esclusivamente quando questi costituiscono conseguenza immediata e diretta, per dolo o colpa grave, dell\u2019attivit\u00e0 di\u00a0CarlindePaolo snc. L\u2019Utente esonera e solleva espressamente il Titolare dell\u2019Applicazione da ogni responsabilit\u00e0, nei limiti consentiti dalla legislazione applicabile, in relazione a eventuali danni o pretese di qualunque tipo e genere proprie e\/o di terzi inclusi i danni diretti, indiretti, punitivi, incidentali, speciali, i danni derivanti da mancati profitti, mancati ricavi, perdita di dati o costi di sostituzione derivanti dal o comunque connessi con il presente accordo. Il Titolare garantisce la corretta conservazione e la qualit\u00e0 dei prodotti alimentari esclusivamente fino al momento della consegna presso il luogo indicato dall\u2019Utente; \u00e8 esclusa ogni responsabilit\u00e0 relativa al cattivo stato dei prodotti dovuta ad impropria conservazione successiva al momento della consegna. Comunicazioni Tutte le comunicazioni relative a\u00a0CarlindePaolo snc\u00a0devono essere inviate utilizzando le informazioni di contatto indicate.<\/p>\n<p><strong>Nullit\u00e0<\/strong><\/p>\n<p>Qualora una qualsiasi clausola inclusa nelle presenti Condizioni Generali dovesse essere dichiarata totalmente o parzialmente nulla o inefficace, tale nullit\u00e0 o inefficacia interesserebbe solo quella disposizione o la parte di essa che \u00e8 nulla o inefficace. Il resto delle presenti Condizioni Generali rimarrebbe in vigore e tale disposizione sarebbe considerata totalmente o parzialmente non inclusa.<\/p>\n<p><strong>Legge applicabile e Foro competente<\/strong><\/p>\n<p>Le presenti Condizioni Generali di Vendita ed il Contratto sono regolati dalla legge italiana. Ogni controversia che sorga dall\u2019applicazione delle presenti Condizioni o dal Contratto sar\u00e0 sottoposta alla giurisdizione del giudice italiano, secondo quanto previsto dalla legislazione italiana vigente. Per qualsiasi controversia civile fra\u00a0<strong>CarlindePaolo snc<\/strong>\u00a0e il Cliente dipendente dall\u2019interpretazione normativa e dalle condizioni qui presentate, la competenza territoriale inderogabile \u00e8 del Giudice del luogo di residenza o di domicilio del Cliente, se ubicati nel territorio dello Stato.<\/p>\n<p><strong>Aggiornamenti e modifiche<\/strong><\/p>\n<p>Le condizioni generali di vendita potranno essere soggette a modifiche periodiche che saranno pubblicate sul sito. L\u2019utilizzo del nostro sito effettuate in seguito a queste modifiche implica l\u2019accettazione dei nuovi termini.\u00a0 Ultima modifica: 30\/11\/2022<\/p>\n<p>[\/vc_column_text][\/vc_column][\/vc_row]<\/p>\n","protected":false},"excerpt":{"rendered":"<p>[vc_row][vc_column][vc_column_text]Condizioni di vendita Termini e condizioni sito e-commerce www.carlindepaolo.com Il negozio on-line,\u00a0www.carlindepaolo.com\u00a0\u00e8 di propriet\u00e0 esclusiva della societ\u00e0\u00a0CarlindePaolo snc\u00a0P.iva. 01237870058 con<\/p>\n","protected":false},"author":1,"featured_media":0,"parent":0,"menu_order":0,"comment_status":"closed","ping_status":"closed","template":"","meta":[],"yoast_head":"<!-- This site is optimized with the Yoast SEO plugin v17.8 - https:\/\/yoast.com\/wordpress\/plugins\/seo\/ -->\n<title>Condizioni di vendita Asti Alba - CARLINdePAOLO<\/title>\n<meta name=\"description\" content=\"Condizioni di vendita Asti Alba - CARLINdePAOLO\" \/>\n<meta name=\"robots\" content=\"index, follow, max-snippet:-1, max-image-preview:large, max-video-preview:-1\" \/>\n<link rel=\"canonical\" href=\"https:\/\/carlindepaolo.com\/en\/condizioni-di-vendita\/\" \/>\n<meta property=\"og:locale\" content=\"en_US\" \/>\n<meta property=\"og:type\" content=\"article\" \/>\n<meta property=\"og:title\" content=\"Condizioni di vendita Asti Alba - CARLINdePAOLO\" \/>\n<meta property=\"og:description\" content=\"Condizioni di vendita Asti Alba - CARLINdePAOLO\" \/>\n<meta property=\"og:url\" content=\"https:\/\/carlindepaolo.com\/en\/condizioni-di-vendita\/\" \/>\n<meta property=\"og:site_name\" content=\"CARLINdePAOLO\" \/>\n<meta name=\"twitter:card\" content=\"summary_large_image\" \/>\n<meta name=\"twitter:label1\" content=\"Est. reading time\" \/>\n\t<meta name=\"twitter:data1\" content=\"14 minutes\" \/>\n<script type=\"application\/ld+json\" class=\"yoast-schema-graph\">{\"@context\":\"https:\/\/schema.org\",\"@graph\":[{\"@type\":\"WebSite\",\"@id\":\"https:\/\/carlindepaolo.com\/#website\",\"url\":\"https:\/\/carlindepaolo.com\/\",\"name\":\"CARLINdePAOLO\",\"description\":\"Vini Asti Alba\",\"potentialAction\":[{\"@type\":\"SearchAction\",\"target\":{\"@type\":\"EntryPoint\",\"urlTemplate\":\"https:\/\/carlindepaolo.com\/?s={search_term_string}\"},\"query-input\":\"required name=search_term_string\"}],\"inLanguage\":\"en-US\"},{\"@type\":\"WebPage\",\"@id\":\"https:\/\/carlindepaolo.com\/en\/condizioni-di-vendita\/#webpage\",\"url\":\"https:\/\/carlindepaolo.com\/en\/condizioni-di-vendita\/\",\"name\":\"Condizioni di vendita Asti Alba - CARLINdePAOLO\",\"isPartOf\":{\"@id\":\"https:\/\/carlindepaolo.com\/#website\"},\"datePublished\":\"2023-01-19T11:38:20+00:00\",\"dateModified\":\"2023-01-19T11:38:20+00:00\",\"description\":\"Condizioni di vendita Asti Alba - CARLINdePAOLO\",\"breadcrumb\":{\"@id\":\"https:\/\/carlindepaolo.com\/en\/condizioni-di-vendita\/#breadcrumb\"},\"inLanguage\":\"en-US\",\"potentialAction\":[{\"@type\":\"ReadAction\",\"target\":[\"https:\/\/carlindepaolo.com\/en\/condizioni-di-vendita\/\"]}]},{\"@type\":\"BreadcrumbList\",\"@id\":\"https:\/\/carlindepaolo.com\/en\/condizioni-di-vendita\/#breadcrumb\",\"itemListElement\":[{\"@type\":\"ListItem\",\"position\":1,\"name\":\"Home\",\"item\":\"https:\/\/carlindepaolo.com\/en\/\"},{\"@type\":\"ListItem\",\"position\":2,\"name\":\"Condizioni di vendita\"}]}]}<\/script>\n<!-- \/ Yoast SEO plugin. -->","yoast_head_json":{"title":"Condizioni di vendita Asti Alba - CARLINdePAOLO","description":"Condizioni di vendita Asti Alba - CARLINdePAOLO","robots":{"index":"index","follow":"follow","max-snippet":"max-snippet:-1","max-image-preview":"max-image-preview:large","max-video-preview":"max-video-preview:-1"},"canonical":"https:\/\/carlindepaolo.com\/en\/condizioni-di-vendita\/","og_locale":"en_US","og_type":"article","og_title":"Condizioni di vendita Asti Alba - CARLINdePAOLO","og_description":"Condizioni di vendita Asti Alba - CARLINdePAOLO","og_url":"https:\/\/carlindepaolo.com\/en\/condizioni-di-vendita\/","og_site_name":"CARLINdePAOLO","twitter_card":"summary_large_image","twitter_misc":{"Est. reading time":"14 minutes"},"schema":{"@context":"https:\/\/schema.org","@graph":[{"@type":"WebSite","@id":"https:\/\/carlindepaolo.com\/#website","url":"https:\/\/carlindepaolo.com\/","name":"CARLINdePAOLO","description":"Vini Asti Alba","potentialAction":[{"@type":"SearchAction","target":{"@type":"EntryPoint","urlTemplate":"https:\/\/carlindepaolo.com\/?s={search_term_string}"},"query-input":"required name=search_term_string"}],"inLanguage":"en-US"},{"@type":"WebPage","@id":"https:\/\/carlindepaolo.com\/en\/condizioni-di-vendita\/#webpage","url":"https:\/\/carlindepaolo.com\/en\/condizioni-di-vendita\/","name":"Condizioni di vendita Asti Alba - CARLINdePAOLO","isPartOf":{"@id":"https:\/\/carlindepaolo.com\/#website"},"datePublished":"2023-01-19T11:38:20+00:00","dateModified":"2023-01-19T11:38:20+00:00","description":"Condizioni di vendita Asti Alba - CARLINdePAOLO","breadcrumb":{"@id":"https:\/\/carlindepaolo.com\/en\/condizioni-di-vendita\/#breadcrumb"},"inLanguage":"en-US","potentialAction":[{"@type":"ReadAction","target":["https:\/\/carlindepaolo.com\/en\/condizioni-di-vendita\/"]}]},{"@type":"BreadcrumbList","@id":"https:\/\/carlindepaolo.com\/en\/condizioni-di-vendita\/#breadcrumb","itemListElement":[{"@type":"ListItem","position":1,"name":"Home","item":"https:\/\/carlindepaolo.com\/en\/"},{"@type":"ListItem","position":2,"name":"Condizioni di vendita"}]}]}},"_links":{"self":[{"href":"https:\/\/carlindepaolo.com\/en\/wp-json\/wp\/v2\/pages\/35125"}],"collection":[{"href":"https:\/\/carlindepaolo.com\/en\/wp-json\/wp\/v2\/pages"}],"about":[{"href":"https:\/\/carlindepaolo.com\/en\/wp-json\/wp\/v2\/types\/page"}],"author":[{"embeddable":true,"href":"https:\/\/carlindepaolo.com\/en\/wp-json\/wp\/v2\/users\/1"}],"replies":[{"embeddable":true,"href":"https:\/\/carlindepaolo.com\/en\/wp-json\/wp\/v2\/comments?post=35125"}],"version-history":[{"count":1,"href":"https:\/\/carlindepaolo.com\/en\/wp-json\/wp\/v2\/pages\/35125\/revisions"}],"predecessor-version":[{"id":35127,"href":"https:\/\/carlindepaolo.com\/en\/wp-json\/wp\/v2\/pages\/35125\/revisions\/35127"}],"wp:attachment":[{"href":"https:\/\/carlindepaolo.com\/en\/wp-json\/wp\/v2\/media?parent=35125"}],"curies":[{"name":"wp","href":"https:\/\/api.w.org\/{rel}","templated":true}]}}